{"id":825,"date":"2023-01-04T15:52:08","date_gmt":"2023-01-04T15:52:08","guid":{"rendered":"https:\/\/eb23pegoes.edu.pt\/wp\/?page_id=825"},"modified":"2025-12-22T12:48:49","modified_gmt":"2025-12-22T12:48:49","slug":"clube-da-ciencia-viva","status":"publish","type":"page","link":"https:\/\/eb23pegoes.edu.pt\/wp\/clube-da-ciencia-viva\/","title":{"rendered":"Clube dos Cientistas (Ci\u00eancia Viva)"},"content":{"rendered":"\t\t<div data-elementor-type=\"wp-page\" data-elementor-id=\"825\" class=\"elementor elementor-825\">\n\t\t\t\t\t\t<section class=\"elementor-section elementor-top-section elementor-element elementor-element-553b6de8 elementor-section-boxed elementor-section-height-default elementor-section-height-default\" data-id=\"553b6de8\" data-element_type=\"section\">\n\t\t\t\t\t\t<div class=\"elementor-container elementor-column-gap-default\">\n\t\t\t\t\t<div class=\"elementor-column elementor-col-100 elementor-top-column elementor-element elementor-element-60de45c7\" data-id=\"60de45c7\" data-element_type=\"column\">\n\t\t\t<div class=\"elementor-widget-wrap elementor-element-populated\">\n\t\t\t\t\t\t<div class=\"elementor-element elementor-element-7429180f elementor-widget elementor-widget-text-editor\" data-id=\"7429180f\" data-element_type=\"widget\" data-widget_type=\"text-editor.default\">\n\t\t\t\t<div class=\"elementor-widget-container\">\n\t\t\t\t\t\t\t\t\t\n\n\n\n\n\t\t\t\t\t\t\t\t<\/div>\n\t\t\t\t<\/div>\n\t\t\t\t\t<\/div>\n\t\t<\/div>\n\t\t\t\t\t<\/div>\n\t\t<\/section>\n\t\t\t\t<section class=\"elementor-section elementor-top-section elementor-element elementor-element-1d48779 elementor-section-boxed elementor-section-height-default elementor-section-height-default\" data-id=\"1d48779\" data-element_type=\"section\">\n\t\t\t\t\t\t<div class=\"elementor-container elementor-column-gap-default\">\n\t\t\t\t\t<div class=\"elementor-column elementor-col-100 elementor-top-column elementor-element elementor-element-573a678\" data-id=\"573a678\" data-element_type=\"column\">\n\t\t\t<div class=\"elementor-widget-wrap elementor-element-populated\">\n\t\t\t\t\t\t<div class=\"elementor-element elementor-element-c99cd77 elementor-widget elementor-widget-text-editor\" data-id=\"c99cd77\" data-element_type=\"widget\" data-widget_type=\"text-editor.default\">\n\t\t\t\t<div class=\"elementor-widget-container\">\n\t\t\t\t\t\t\t\t\t<p style=\"text-align: justify;\"><span style=\"font-size: 12.0pt; line-height: 107%;\">O Clube \u201cOs Cientistas\u201d \u00e9 um espa\u00e7o de conhecimento que pretende fornecer ferramentas para a promo\u00e7\u00e3o do sucesso escolar, bem como contribuir para o desenvolvimento do conhecimento cient\u00edfico e tecnol\u00f3gico dos alunos.<\/span><\/p>\n<p style=\"text-align: justify;\"><span style=\"font-size: 12.0pt; line-height: 107%;\">No Clube os alunos poder\u00e3o, atrav\u00e9s da realiza\u00e7\u00e3o de atividades, projetos e experi\u00eancias simples, estimular a curiosidade, desenvolver a sua autonomia e compreender a import\u00e2ncia das ci\u00eancias na interpreta\u00e7\u00e3o dos fen\u00f3menos do dia-a-dia.<\/span><\/p>\n<p><span style=\"font-size: 12.0pt; line-height: 107%;\">\u00a0<\/span><\/p>\n<table style=\"width: 439.45pt; mso-cellspacing: 1.5pt; margin-left: -.4pt; border: solid black 1.0pt; mso-border-alt: solid black .75pt; mso-yfti-tbllook: 1184;\" border=\"1\" width=\"586\" cellspacing=\"3\" cellpadding=\"0\">\n<tbody>\n<tr>\n<td style=\"width: 260.0pt; border: none; background: #70AD47; mso-background-themecolor: accent6; padding: .75pt .75pt .75pt .75pt;\" width=\"347\">\n<p style=\"text-align: center;\" align=\"center\"><b><span style=\"font-size: 12.0pt; line-height: 107%; color: black; mso-color-alt: windowtext;\">Hor\u00e1rio<\/span><\/b><\/p>\n<\/td>\n<td style=\"width: 174.95pt; border: none; background: #70AD47; mso-background-themecolor: accent6; padding: .75pt .75pt .75pt .75pt;\" width=\"233\">\n<p style=\"text-align: center;\" align=\"center\"><b><span style=\"font-size: 12.0pt; line-height: 107%; color: black; mso-color-alt: windowtext;\">Respons\u00e1veis<\/span><\/b><\/p>\n<\/td>\n<\/tr>\n<tr>\n<td style=\"width: 260.0pt; border: none; padding: .75pt .75pt .75pt .75pt;\" width=\"347\">\n<p style=\"text-align: center;\" align=\"center\"><span style=\"font-size: 12.0pt; line-height: 107%;\">3\u00aa feira das 14:40 \u00e0s 16:25<\/span><\/p>\n<\/td>\n<td style=\"width: 174.95pt; border: none; padding: .75pt .75pt .75pt .75pt;\" width=\"233\">\n<p style=\"text-align: center;\" align=\"center\"><span style=\"font-size: 12.0pt; line-height: 107%;\">Prof. Helena Salvaterra<\/span><\/p>\n<\/td>\n<\/tr>\n<\/tbody>\n<\/table>\n<p><span style=\"font-size: 12.0pt; line-height: 107%;\">\u00a0<\/span><\/p>\n<p><span style=\"font-size: 12.0pt; line-height: 107%;\">\u00a0<\/span><\/p>\n<p>\u00a0<\/p>\n<p><span style=\"font-size: 12.0pt; line-height: 107%;\">As atividades deste Clube podem ser seguidas em <b>Ci\u00eancia Viva Aepcsi<\/b><\/span><\/p>\n<p>\u00a0<\/p>\n<p><a href=\"https:\/\/www.facebook.com\/profile.php?id=61553950981897\" target=\"_blank\" rel=\"noopener\"><img decoding=\"async\" class=\"wp-image-1882 aligncenter\" src=\"https:\/\/eb23pegoes.edu.pt\/wp\/wp-content\/uploads\/2023\/11\/Facebook-logo-e1700436994364-300x300.png\" alt=\"\" width=\"123\" height=\"123\" srcset=\"https:\/\/eb23pegoes.edu.pt\/wp\/wp-content\/uploads\/2023\/11\/Facebook-logo-e1700436994364-300x300.png 300w, https:\/\/eb23pegoes.edu.pt\/wp\/wp-content\/uploads\/2023\/11\/Facebook-logo-e1700436994364-1021x1024.png 1021w, https:\/\/eb23pegoes.edu.pt\/wp\/wp-content\/uploads\/2023\/11\/Facebook-logo-e1700436994364-150x150.png 150w, https:\/\/eb23pegoes.edu.pt\/wp\/wp-content\/uploads\/2023\/11\/Facebook-logo-e1700436994364-768x770.png 768w, https:\/\/eb23pegoes.edu.pt\/wp\/wp-content\/uploads\/2023\/11\/Facebook-logo-e1700436994364-1531x1536.png 1531w, https:\/\/eb23pegoes.edu.pt\/wp\/wp-content\/uploads\/2023\/11\/Facebook-logo-e1700436994364-2042x2048.png 2042w\" sizes=\"(max-width: 123px) 100vw, 123px\" \/><\/a><\/p>\n<p><span style=\"font-size: 12.0pt; line-height: 107%;\"><b>\u00a0<\/b><\/span><\/p>\n<p><span style=\"font-size: 12.0pt; line-height: 107%;\"><b>\u00a0<\/b><\/span><\/p>\t\t\t\t\t\t\t\t<\/div>\n\t\t\t\t<\/div>\n\t\t\t\t\t<\/div>\n\t\t<\/div>\n\t\t\t\t\t<\/div>\n\t\t<\/section>\n\t\t\t\t<\/div>\n\t\t","protected":false},"excerpt":{"rendered":"<p>O Clube \u201cOs Cientistas\u201d \u00e9 um espa\u00e7o de conhecimento que pretende fornecer ferramentas para a promo\u00e7\u00e3o do sucesso escolar, bem como contribuir para o desenvolvimento do conhecimento cient\u00edfico e tecnol\u00f3gico dos alunos. No Clube os alunos poder\u00e3o, atrav\u00e9s da realiza\u00e7\u00e3o de atividades, projetos e experi\u00eancias simples, estimular a curiosidade, desenvolver a sua autonomia e compreender&hellip;<\/p>\n","protected":false},"author":1,"featured_media":0,"parent":0,"menu_order":0,"comment_status":"closed","ping_status":"closed","template":"","meta":{"footnotes":""},"categories":[],"tags":[],"class_list":["post-825","page","type-page","status-publish","hentry"],"_links":{"self":[{"href":"https:\/\/eb23pegoes.edu.pt\/wp\/wp-json\/wp\/v2\/pages\/825","targetHints":{"allow":["GET"]}}],"collection":[{"href":"https:\/\/eb23pegoes.edu.pt\/wp\/wp-json\/wp\/v2\/pages"}],"about":[{"href":"https:\/\/eb23pegoes.edu.pt\/wp\/wp-json\/wp\/v2\/types\/page"}],"author":[{"embeddable":true,"href":"https:\/\/eb23pegoes.edu.pt\/wp\/wp-json\/wp\/v2\/users\/1"}],"replies":[{"embeddable":true,"href":"https:\/\/eb23pegoes.edu.pt\/wp\/wp-json\/wp\/v2\/comments?post=825"}],"version-history":[{"count":7,"href":"https:\/\/eb23pegoes.edu.pt\/wp\/wp-json\/wp\/v2\/pages\/825\/revisions"}],"predecessor-version":[{"id":2961,"href":"https:\/\/eb23pegoes.edu.pt\/wp\/wp-json\/wp\/v2\/pages\/825\/revisions\/2961"}],"wp:attachment":[{"href":"https:\/\/eb23pegoes.edu.pt\/wp\/wp-json\/wp\/v2\/media?parent=825"}],"wp:term":[{"taxonomy":"category","embeddable":true,"href":"https:\/\/eb23pegoes.edu.pt\/wp\/wp-json\/wp\/v2\/categories?post=825"},{"taxonomy":"post_tag","embeddable":true,"href":"https:\/\/eb23pegoes.edu.pt\/wp\/wp-json\/wp\/v2\/tags?post=825"}],"curies":[{"name":"wp","href":"https:\/\/api.w.org\/{rel}","templated":true}]}}