{"id":477,"date":"2022-06-03T14:18:49","date_gmt":"2022-06-03T14:18:49","guid":{"rendered":"https:\/\/eb23pegoes.edu.pt\/wp\/?page_id=477"},"modified":"2026-03-20T09:55:47","modified_gmt":"2026-03-20T09:55:47","slug":"inicio","status":"publish","type":"page","link":"https:\/\/eb23pegoes.edu.pt\/wp\/","title":{"rendered":"In\u00edcio"},"content":{"rendered":"\t\t<div data-elementor-type=\"wp-page\" data-elementor-id=\"477\" class=\"elementor elementor-477\">\n\t\t\t\t\t\t<section class=\"elementor-section elementor-top-section elementor-element elementor-element-0b59559 elementor-section-boxed elementor-section-height-default elementor-section-height-default\" data-id=\"0b59559\" data-element_type=\"section\">\n\t\t\t\t\t\t<div class=\"elementor-container elementor-column-gap-default\">\n\t\t\t\t\t<div class=\"elementor-column elementor-col-100 elementor-top-column elementor-element elementor-element-eda6c69\" data-id=\"eda6c69\" data-element_type=\"column\">\n\t\t\t<div class=\"elementor-widget-wrap elementor-element-populated\">\n\t\t\t\t\t\t<div class=\"elementor-element elementor-element-8c66944 elementor-widget elementor-widget-image\" data-id=\"8c66944\" data-element_type=\"widget\" data-widget_type=\"image.default\">\n\t\t\t\t<div class=\"elementor-widget-container\">\n\t\t\t\t\t\t\t\t\t\t\t\t\t\t\t<img fetchpriority=\"high\" decoding=\"async\" width=\"640\" height=\"409\" src=\"https:\/\/eb23pegoes.edu.pt\/wp\/wp-content\/uploads\/2026\/03\/Pre-Aviso-de-Greve_23-de-marco-1024x655.jpg\" class=\"attachment-large size-large wp-image-3065\" alt=\"\" srcset=\"https:\/\/eb23pegoes.edu.pt\/wp\/wp-content\/uploads\/2026\/03\/Pre-Aviso-de-Greve_23-de-marco-1024x655.jpg 1024w, https:\/\/eb23pegoes.edu.pt\/wp\/wp-content\/uploads\/2026\/03\/Pre-Aviso-de-Greve_23-de-marco-300x192.jpg 300w, https:\/\/eb23pegoes.edu.pt\/wp\/wp-content\/uploads\/2026\/03\/Pre-Aviso-de-Greve_23-de-marco-768x491.jpg 768w, https:\/\/eb23pegoes.edu.pt\/wp\/wp-content\/uploads\/2026\/03\/Pre-Aviso-de-Greve_23-de-marco-1536x983.jpg 1536w, https:\/\/eb23pegoes.edu.pt\/wp\/wp-content\/uploads\/2026\/03\/Pre-Aviso-de-Greve_23-de-marco.jpg 1841w\" sizes=\"(max-width: 640px) 100vw, 640px\" \/>\t\t\t\t\t\t\t\t\t\t\t\t\t\t\t<\/div>\n\t\t\t\t<\/div>\n\t\t\t\t\t<\/div>\n\t\t<\/div>\n\t\t\t\t\t<\/div>\n\t\t<\/section>\n\t\t\t\t<section class=\"elementor-section elementor-top-section elementor-element elementor-element-f2f2be5 elementor-section-boxed elementor-section-height-default elementor-section-height-default\" data-id=\"f2f2be5\" data-element_type=\"section\">\n\t\t\t\t\t\t<div class=\"elementor-container elementor-column-gap-default\">\n\t\t\t\t\t<div class=\"elementor-column elementor-col-100 elementor-top-column elementor-element elementor-element-c226c1f\" data-id=\"c226c1f\" data-element_type=\"column\">\n\t\t\t<div class=\"elementor-widget-wrap\">\n\t\t\t\t\t\t\t<\/div>\n\t\t<\/div>\n\t\t\t\t\t<\/div>\n\t\t<\/section>\n\t\t\t\t<section class=\"elementor-section elementor-top-section elementor-element elementor-element-ef1a0b4 elementor-section-boxed elementor-section-height-default elementor-section-height-default\" data-id=\"ef1a0b4\" data-element_type=\"section\">\n\t\t\t\t\t\t<div class=\"elementor-container elementor-column-gap-default\">\n\t\t\t\t\t<div class=\"elementor-column elementor-col-100 elementor-top-column elementor-element elementor-element-30b9033\" data-id=\"30b9033\" data-element_type=\"column\">\n\t\t\t<div class=\"elementor-widget-wrap elementor-element-populated\">\n\t\t\t\t\t\t<div class=\"elementor-element elementor-element-0abaa07 elementor-widget elementor-widget-image\" data-id=\"0abaa07\" data-element_type=\"widget\" data-widget_type=\"image.default\">\n\t\t\t\t<div class=\"elementor-widget-container\">\n\t\t\t\t\t\t\t\t\t\t\t\t\t\t\t<img decoding=\"async\" width=\"640\" height=\"640\" src=\"https:\/\/eb23pegoes.edu.pt\/wp\/wp-content\/uploads\/2025\/09\/post_inicio.ano_.letivo_25.26-1024x1024.jpg\" class=\"attachment-large size-large wp-image-2533\" alt=\"\" srcset=\"https:\/\/eb23pegoes.edu.pt\/wp\/wp-content\/uploads\/2025\/09\/post_inicio.ano_.letivo_25.26-1024x1024.jpg 1024w, https:\/\/eb23pegoes.edu.pt\/wp\/wp-content\/uploads\/2025\/09\/post_inicio.ano_.letivo_25.26-300x300.jpg 300w, https:\/\/eb23pegoes.edu.pt\/wp\/wp-content\/uploads\/2025\/09\/post_inicio.ano_.letivo_25.26-150x150.jpg 150w, https:\/\/eb23pegoes.edu.pt\/wp\/wp-content\/uploads\/2025\/09\/post_inicio.ano_.letivo_25.26-768x768.jpg 768w, https:\/\/eb23pegoes.edu.pt\/wp\/wp-content\/uploads\/2025\/09\/post_inicio.ano_.letivo_25.26-1536x1536.jpg 1536w, https:\/\/eb23pegoes.edu.pt\/wp\/wp-content\/uploads\/2025\/09\/post_inicio.ano_.letivo_25.26-2048x2048.jpg 2048w\" sizes=\"(max-width: 640px) 100vw, 640px\" \/>\t\t\t\t\t\t\t\t\t\t\t\t\t\t\t<\/div>\n\t\t\t\t<\/div>\n\t\t\t\t\t<\/div>\n\t\t<\/div>\n\t\t\t\t\t<\/div>\n\t\t<\/section>\n\t\t\t\t<section class=\"elementor-section elementor-top-section elementor-element elementor-element-12e2a83 elementor-section-boxed elementor-section-height-default elementor-section-height-default\" data-id=\"12e2a83\" data-element_type=\"section\">\n\t\t\t\t\t\t<div class=\"elementor-container elementor-column-gap-default\">\n\t\t\t\t\t<div class=\"elementor-column elementor-col-100 elementor-top-column elementor-element elementor-element-bcb2117\" data-id=\"bcb2117\" data-element_type=\"column\">\n\t\t\t<div class=\"elementor-widget-wrap\">\n\t\t\t\t\t\t\t<\/div>\n\t\t<\/div>\n\t\t\t\t\t<\/div>\n\t\t<\/section>\n\t\t\t\t<section class=\"elementor-section elementor-top-section elementor-element elementor-element-860c2b6 elementor-section-boxed elementor-section-height-default elementor-section-height-default\" data-id=\"860c2b6\" data-element_type=\"section\">\n\t\t\t\t\t\t<div class=\"elementor-container elementor-column-gap-default\">\n\t\t\t\t\t<div class=\"elementor-column elementor-col-100 elementor-top-column elementor-element elementor-element-64e7e27\" data-id=\"64e7e27\" data-element_type=\"column\">\n\t\t\t<div class=\"elementor-widget-wrap elementor-element-populated\">\n\t\t\t\t\t\t<div class=\"elementor-element elementor-element-c943b57 elementor-widget-divider--view-line elementor-widget elementor-widget-divider\" data-id=\"c943b57\" data-element_type=\"widget\" data-widget_type=\"divider.default\">\n\t\t\t\t<div class=\"elementor-widget-container\">\n\t\t\t\t\t\t\t<div class=\"elementor-divider\">\n\t\t\t<span class=\"elementor-divider-separator\">\n\t\t\t\t\t\t<\/span>\n\t\t<\/div>\n\t\t\t\t\t\t<\/div>\n\t\t\t\t<\/div>\n\t\t\t\t\t<\/div>\n\t\t<\/div>\n\t\t\t\t\t<\/div>\n\t\t<\/section>\n\t\t\t\t<section class=\"elementor-section elementor-top-section elementor-element elementor-element-a7ece31 elementor-section-boxed elementor-section-height-default elementor-section-height-default\" data-id=\"a7ece31\" data-element_type=\"section\">\n\t\t\t\t\t\t<div class=\"elementor-container elementor-column-gap-default\">\n\t\t\t\t\t<div class=\"elementor-column elementor-col-100 elementor-top-column elementor-element elementor-element-b2e275a\" data-id=\"b2e275a\" data-element_type=\"column\">\n\t\t\t<div class=\"elementor-widget-wrap elementor-element-populated\">\n\t\t\t\t\t\t<div class=\"elementor-element elementor-element-ca58f6e elementor-widget elementor-widget-image\" data-id=\"ca58f6e\" data-element_type=\"widget\" data-widget_type=\"image.default\">\n\t\t\t\t<div class=\"elementor-widget-container\">\n\t\t\t\t\t\t\t\t\t\t\t\t\t\t\t<img decoding=\"async\" width=\"2048\" height=\"1484\" src=\"https:\/\/eb23pegoes.edu.pt\/wp\/wp-content\/uploads\/2024\/05\/diaagrupamento-2048x1484.png\" class=\"attachment-2048x2048 size-2048x2048 wp-image-2094\" alt=\"\" srcset=\"https:\/\/eb23pegoes.edu.pt\/wp\/wp-content\/uploads\/2024\/05\/diaagrupamento-2048x1484.png 2048w, https:\/\/eb23pegoes.edu.pt\/wp\/wp-content\/uploads\/2024\/05\/diaagrupamento-300x217.png 300w, https:\/\/eb23pegoes.edu.pt\/wp\/wp-content\/uploads\/2024\/05\/diaagrupamento-1024x742.png 1024w, https:\/\/eb23pegoes.edu.pt\/wp\/wp-content\/uploads\/2024\/05\/diaagrupamento-768x557.png 768w, https:\/\/eb23pegoes.edu.pt\/wp\/wp-content\/uploads\/2024\/05\/diaagrupamento-1536x1113.png 1536w\" sizes=\"(max-width: 2048px) 100vw, 2048px\" \/>\t\t\t\t\t\t\t\t\t\t\t\t\t\t\t<\/div>\n\t\t\t\t<\/div>\n\t\t\t\t<div class=\"elementor-element elementor-element-1a6ecb1 elementor-widget elementor-widget-obfx-posts-grid\" data-id=\"1a6ecb1\" data-element_type=\"widget\" data-widget_type=\"obfx-posts-grid.default\">\n\t\t\t\t<div class=\"elementor-widget-container\">\n\t\t\t\t\t<div class=\"obfx-grid\"><div class=\"obfx-grid-container obfx-grid-desktop-1\"><div class=\"obfx-grid-wrapper\"><article class=\"obfx-grid-col obfx-no-image\"><div class=\"obfx-grid-col-content\">\t\t\t<h2 class=\"entry-title obfx-grid-title\">\n\t\t\t\t\t\t\t<a href=\"https:\/\/eb23pegoes.edu.pt\/wp\/2024\/05\/21\/elementor-2090\/\" title=\"Dia do Agrupamento\">\n\t\t\t\t\tDia do Agrupamento\t\t\t\t<\/a>\n\t\t\t\t\t\t\t<\/h2>\n\t\t\t\t\t\t<div class=\"entry-content obfx-grid-content\">\n\t\t\t\t\t\t\t<\/div>\n\t\t\t<div class=\"obfx-grid-footer\"><a href=\"https:\/\/eb23pegoes.edu.pt\/wp\/2024\/05\/21\/elementor-2090\/\" title=\"Leia mais\">Leia mais<\/a><\/div><\/div><\/article><\/div><div class=\"obfx-grid-wrapper\"><article class=\"obfx-grid-col obfx-no-image\"><div class=\"obfx-grid-col-content\">\t\t\t<h2 class=\"entry-title obfx-grid-title\">\n\t\t\t\t\t\t\t<a href=\"https:\/\/eb23pegoes.edu.pt\/wp\/2024\/04\/15\/elementor-1990\/\" title=\"CENTRO QUALIFICA PINHAL NOVO EM PARCERIA COM A UNI\u00c3O DE FREGUESIAS PEG\u00d5ES\">\n\t\t\t\t\tCENTRO QUALIFICA PINHAL NOVO EM PARCERIA COM A UNI\u00c3O DE FREGUESIAS PEG\u00d5ES\t\t\t\t<\/a>\n\t\t\t\t\t\t\t<\/h2>\n\t\t\t\t\t\t<div class=\"entry-content obfx-grid-content\">\n\t\t\t\t\t\t\t<\/div>\n\t\t\t<div class=\"obfx-grid-footer\"><a href=\"https:\/\/eb23pegoes.edu.pt\/wp\/2024\/04\/15\/elementor-1990\/\" title=\"Leia mais\">Leia mais<\/a><\/div><\/div><\/article><\/div><div class=\"obfx-grid-wrapper\"><article class=\"obfx-grid-col obfx-no-image\"><div class=\"obfx-grid-col-content\">\t\t\t<h2 class=\"entry-title obfx-grid-title\">\n\t\t\t\t\t\t\t<a href=\"https:\/\/eb23pegoes.edu.pt\/wp\/2023\/04\/26\/noticias\/\" title=\"CPCJ &#8211; La\u00e7o Azul\">\n\t\t\t\t\tCPCJ &#8211; La\u00e7o Azul\t\t\t\t<\/a>\n\t\t\t\t\t\t\t<\/h2>\n\t\t\t\t\t\t<div class=\"entry-content obfx-grid-content\">\n\t\t\t\t\t\t\t<\/div>\n\t\t\t<div class=\"obfx-grid-footer\"><a href=\"https:\/\/eb23pegoes.edu.pt\/wp\/2023\/04\/26\/noticias\/\" title=\"Leia mais\">Leia mais<\/a><\/div><\/div><\/article><\/div><\/div><!-- .obfx-grid-container --><\/div><!-- .obfx-grid -->\t\t\t\t<\/div>\n\t\t\t\t<\/div>\n\t\t\t\t\t<\/div>\n\t\t<\/div>\n\t\t\t\t\t<\/div>\n\t\t<\/section>\n\t\t\t\t<section class=\"elementor-section elementor-top-section elementor-element elementor-element-e831d36 elementor-section-boxed elementor-section-height-default elementor-section-height-default\" data-id=\"e831d36\" data-element_type=\"section\">\n\t\t\t\t\t\t<div class=\"elementor-container elementor-column-gap-default\">\n\t\t\t\t\t<div class=\"elementor-column elementor-col-100 elementor-top-column elementor-element elementor-element-9e8e68f\" data-id=\"9e8e68f\" data-element_type=\"column\">\n\t\t\t<div class=\"elementor-widget-wrap elementor-element-populated\">\n\t\t\t\t\t\t<div class=\"elementor-element elementor-element-20b36e4 elementor-widget__width-initial elementor-widget elementor-widget-image\" data-id=\"20b36e4\" data-element_type=\"widget\" data-widget_type=\"image.default\">\n\t\t\t\t<div class=\"elementor-widget-container\">\n\t\t\t\t\t\t\t\t\t\t\t\t\t\t\t<img loading=\"lazy\" decoding=\"async\" width=\"640\" height=\"107\" src=\"https:\/\/eb23pegoes.edu.pt\/wp\/wp-content\/uploads\/2023\/09\/banner2-2-1024x171.png\" class=\"attachment-large size-large wp-image-1392\" alt=\"\" srcset=\"https:\/\/eb23pegoes.edu.pt\/wp\/wp-content\/uploads\/2023\/09\/banner2-2-1024x171.png 1024w, https:\/\/eb23pegoes.edu.pt\/wp\/wp-content\/uploads\/2023\/09\/banner2-2-300x50.png 300w, https:\/\/eb23pegoes.edu.pt\/wp\/wp-content\/uploads\/2023\/09\/banner2-2-768x128.png 768w, https:\/\/eb23pegoes.edu.pt\/wp\/wp-content\/uploads\/2023\/09\/banner2-2-1536x256.png 1536w, https:\/\/eb23pegoes.edu.pt\/wp\/wp-content\/uploads\/2023\/09\/banner2-2-2048x341.png 2048w\" sizes=\"(max-width: 640px) 100vw, 640px\" \/>\t\t\t\t\t\t\t\t\t\t\t\t\t\t\t<\/div>\n\t\t\t\t<\/div>\n\t\t\t\t\t<\/div>\n\t\t<\/div>\n\t\t\t\t\t<\/div>\n\t\t<\/section>\n\t\t\t\t<section class=\"elementor-section elementor-top-section elementor-element elementor-element-25c178f elementor-section-boxed elementor-section-height-default elementor-section-height-default\" data-id=\"25c178f\" data-element_type=\"section\">\n\t\t\t\t\t\t<div class=\"elementor-container elementor-column-gap-default\">\n\t\t\t\t\t<div class=\"elementor-column elementor-col-100 elementor-top-column elementor-element elementor-element-276436c\" data-id=\"276436c\" data-element_type=\"column\">\n\t\t\t<div class=\"elementor-widget-wrap elementor-element-populated\">\n\t\t\t\t\t\t<div class=\"elementor-element elementor-element-996862c elementor-widget elementor-widget-image\" data-id=\"996862c\" data-element_type=\"widget\" data-widget_type=\"image.default\">\n\t\t\t\t<div class=\"elementor-widget-container\">\n\t\t\t\t\t\t\t\t\t\t\t\t\t\t\t<img loading=\"lazy\" decoding=\"async\" width=\"640\" height=\"97\" src=\"https:\/\/eb23pegoes.edu.pt\/wp\/wp-content\/uploads\/2023\/09\/banner3-1024x155.png\" class=\"attachment-large size-large wp-image-1393\" alt=\"\" srcset=\"https:\/\/eb23pegoes.edu.pt\/wp\/wp-content\/uploads\/2023\/09\/banner3-1024x155.png 1024w, https:\/\/eb23pegoes.edu.pt\/wp\/wp-content\/uploads\/2023\/09\/banner3-300x45.png 300w, https:\/\/eb23pegoes.edu.pt\/wp\/wp-content\/uploads\/2023\/09\/banner3-768x116.png 768w, https:\/\/eb23pegoes.edu.pt\/wp\/wp-content\/uploads\/2023\/09\/banner3-1536x233.png 1536w, https:\/\/eb23pegoes.edu.pt\/wp\/wp-content\/uploads\/2023\/09\/banner3-2048x310.png 2048w\" sizes=\"(max-width: 640px) 100vw, 640px\" \/>\t\t\t\t\t\t\t\t\t\t\t\t\t\t\t<\/div>\n\t\t\t\t<\/div>\n\t\t\t\t<div class=\"elementor-element elementor-element-db3c7a5 elementor-shape-rounded elementor-grid-0 e-grid-align-center elementor-widget elementor-widget-social-icons\" data-id=\"db3c7a5\" data-element_type=\"widget\" data-widget_type=\"social-icons.default\">\n\t\t\t\t<div class=\"elementor-widget-container\">\n\t\t\t\t\t\t\t<div class=\"elementor-social-icons-wrapper elementor-grid\" role=\"list\">\n\t\t\t\t\t\t\t<span class=\"elementor-grid-item\" role=\"listitem\">\n\t\t\t\t\t<a class=\"elementor-icon elementor-social-icon elementor-social-icon-facebook elementor-repeater-item-d8d6206\" href=\"https:\/\/www.facebook.com\/profile.php?id=100091942400768\" target=\"_blank\">\n\t\t\t\t\t\t<span class=\"elementor-screen-only\">Facebook<\/span>\n\t\t\t\t\t\t<i aria-hidden=\"true\" class=\"fab fa-facebook\"><\/i>\t\t\t\t\t<\/a>\n\t\t\t\t<\/span>\n\t\t\t\t\t\t\t<span class=\"elementor-grid-item\" role=\"listitem\">\n\t\t\t\t\t<a class=\"elementor-icon elementor-social-icon elementor-social-icon-youtube elementor-repeater-item-e497395\" target=\"_blank\">\n\t\t\t\t\t\t<span class=\"elementor-screen-only\">Youtube<\/span>\n\t\t\t\t\t\t<i aria-hidden=\"true\" class=\"fab fa-youtube\"><\/i>\t\t\t\t\t<\/a>\n\t\t\t\t<\/span>\n\t\t\t\t\t\t\t<span class=\"elementor-grid-item\" role=\"listitem\">\n\t\t\t\t\t<a class=\"elementor-icon elementor-social-icon elementor-social-icon-instagram elementor-repeater-item-69f893b\" target=\"_blank\">\n\t\t\t\t\t\t<span class=\"elementor-screen-only\">Instagram<\/span>\n\t\t\t\t\t\t<i aria-hidden=\"true\" class=\"fab fa-instagram\"><\/i>\t\t\t\t\t<\/a>\n\t\t\t\t<\/span>\n\t\t\t\t\t<\/div>\n\t\t\t\t\t\t<\/div>\n\t\t\t\t<\/div>\n\t\t\t\t\t<\/div>\n\t\t<\/div>\n\t\t\t\t\t<\/div>\n\t\t<\/section>\n\t\t\t\t<\/div>\n\t\t","protected":false},"excerpt":{"rendered":"<p>Dia do Agrupamento Leia mais CENTRO QUALIFICA PINHAL NOVO EM PARCERIA COM A UNI\u00c3O DE FREGUESIAS PEG\u00d5ES Leia mais CPCJ &#8211; La\u00e7o Azul Leia mais Facebook Youtube Instagram<\/p>\n","protected":false},"author":1,"featured_media":0,"parent":0,"menu_order":0,"comment_status":"closed","ping_status":"closed","template":"","meta":{"footnotes":""},"categories":[],"tags":[],"class_list":["post-477","page","type-page","status-publish","hentry"],"_links":{"self":[{"href":"https:\/\/eb23pegoes.edu.pt\/wp\/wp-json\/wp\/v2\/pages\/477","targetHints":{"allow":["GET"]}}],"collection":[{"href":"https:\/\/eb23pegoes.edu.pt\/wp\/wp-json\/wp\/v2\/pages"}],"about":[{"href":"https:\/\/eb23pegoes.edu.pt\/wp\/wp-json\/wp\/v2\/types\/page"}],"author":[{"embeddable":true,"href":"https:\/\/eb23pegoes.edu.pt\/wp\/wp-json\/wp\/v2\/users\/1"}],"replies":[{"embeddable":true,"href":"https:\/\/eb23pegoes.edu.pt\/wp\/wp-json\/wp\/v2\/comments?post=477"}],"version-history":[{"count":264,"href":"https:\/\/eb23pegoes.edu.pt\/wp\/wp-json\/wp\/v2\/pages\/477\/revisions"}],"predecessor-version":[{"id":3068,"href":"https:\/\/eb23pegoes.edu.pt\/wp\/wp-json\/wp\/v2\/pages\/477\/revisions\/3068"}],"wp:attachment":[{"href":"https:\/\/eb23pegoes.edu.pt\/wp\/wp-json\/wp\/v2\/media?parent=477"}],"wp:term":[{"taxonomy":"category","embeddable":true,"href":"https:\/\/eb23pegoes.edu.pt\/wp\/wp-json\/wp\/v2\/categories?post=477"},{"taxonomy":"post_tag","embeddable":true,"href":"https:\/\/eb23pegoes.edu.pt\/wp\/wp-json\/wp\/v2\/tags?post=477"}],"curies":[{"name":"wp","href":"https:\/\/api.w.org\/{rel}","templated":true}]}}